{"id":11,"date":"2026-03-10T22:43:26","date_gmt":"2026-03-10T22:43:26","guid":{"rendered":"https:\/\/faros.com.mx\/?page_id=11"},"modified":"2026-03-10T22:56:56","modified_gmt":"2026-03-10T22:56:56","slug":"inicio","status":"publish","type":"page","link":"https:\/\/faros.com.mx\/","title":{"rendered":"Inicio"},"content":{"rendered":"\t\t<div data-elementor-type=\"wp-post\" data-elementor-id=\"11\" class=\"elementor elementor-11\">\n\t\t\t\t<div class=\"elementor-element elementor-element-4352ad4 e-flex e-con-boxed e-con e-parent\" data-id=\"4352ad4\" data-element_type=\"container\" data-e-type=\"container\" data-settings=\"{&quot;background_background&quot;:&quot;classic&quot;}\">\n\t\t\t\t\t<div class=\"e-con-inner\">\n\t\t\t\t<div class=\"elementor-element elementor-element-60554fc elementor-widget elementor-widget-image\" data-id=\"60554fc\" data-element_type=\"widget\" data-e-type=\"widget\" data-widget_type=\"image.default\">\n\t\t\t\t\t\t\t\t\t\t\t\t\t\t\t<img fetchpriority=\"high\" decoding=\"async\" width=\"540\" height=\"405\" src=\"https:\/\/faros.com.mx\/wp-content\/uploads\/2026\/03\/faros.jpg\" class=\"attachment-large size-large wp-image-13\" alt=\"\" srcset=\"https:\/\/faros.com.mx\/wp-content\/uploads\/2026\/03\/faros.jpg 540w, https:\/\/faros.com.mx\/wp-content\/uploads\/2026\/03\/faros-300x225.jpg 300w\" sizes=\"(max-width: 540px) 100vw, 540px\" \/>\t\t\t\t\t\t\t\t\t\t\t\t\t\t\t<\/div>\n\t\t\t\t\t<\/div>\n\t\t\t\t<\/div>\n\t\t<div class=\"elementor-element elementor-element-a556d72 e-flex e-con-boxed e-con e-parent\" data-id=\"a556d72\" data-element_type=\"container\" data-e-type=\"container\">\n\t\t\t\t\t<div class=\"e-con-inner\">\n\t\t\t\t<div class=\"elementor-element elementor-element-a278445 elementor-widget elementor-widget-heading\" data-id=\"a278445\" data-element_type=\"widget\" data-e-type=\"widget\" data-widget_type=\"heading.default\">\n\t\t\t\t\t<h1 class=\"elementor-heading-title elementor-size-default\">Venta de faros para autos en CDMX<\/h1>\t\t\t\t<\/div>\n\t\t\t\t<div class=\"elementor-element elementor-element-1670d2e elementor-widget elementor-widget-text-editor\" data-id=\"1670d2e\" data-element_type=\"widget\" data-e-type=\"widget\" data-widget_type=\"text-editor.default\">\n\t\t\t\t\t\t\t\t\t<p>Contamos con un amplio cat\u00e1logo de faros para autos en CDMX para todas las marcas. Cotiza con nosotros hoy mismo y obt\u00e9n garant\u00eda de instalaci\u00f3n, pago con tarjeta y facturaci\u00f3n.\u00a0<\/p>\t\t\t\t\t\t\t\t<\/div>\n\t\t\t\t<div class=\"elementor-element elementor-element-b8542f6 elementor-widget elementor-widget-heading\" data-id=\"b8542f6\" data-element_type=\"widget\" data-e-type=\"widget\" data-widget_type=\"heading.default\">\n\t\t\t\t\t<h2 class=\"elementor-heading-title elementor-size-default\">Las mejores refacciones<\/h2>\t\t\t\t<\/div>\n\t\t\t\t<div class=\"elementor-element elementor-element-03d26d2 elementor-widget elementor-widget-text-editor\" data-id=\"03d26d2\" data-element_type=\"widget\" data-e-type=\"widget\" data-widget_type=\"text-editor.default\">\n\t\t\t\t\t\t\t\t\t<p class=\"ds-markdown-paragraph\">En\u00a0<strong>Doctor Auto<\/strong>, sabemos que los faros no solo son un accesorio est\u00e9tico, sino el principal aliado para tu seguridad vial. Por eso, te ofrecemos:<\/p><ul><li><p class=\"ds-markdown-paragraph\"><strong>Amplio cat\u00e1logo:<\/strong>\u00a0Faros delanteros, traseros, antiniebla, direccionales y m\u00e1s.<\/p><\/li><li><p class=\"ds-markdown-paragraph\"><strong>Compatibilidad garantizada:<\/strong>\u00a0Para autos nacionales e importados (compactos, SUVs, deportivos, de lujo).<\/p><\/li><li><p class=\"ds-markdown-paragraph\"><strong>Calidad certificada:<\/strong>\u00a0Productos originales, equivalentes OEM y de las mejores marcas del mercado.<\/p><\/li><li><p class=\"ds-markdown-paragraph\"><strong>Instalaci\u00f3n profesional<\/strong> (si lo requieres) en nuestros talleres en CDMX.<\/p><\/li><li><p class=\"ds-markdown-paragraph\"><strong>Entrega inmediata o env\u00edo a domicilio<\/strong>\u00a0en la zona metropolitana.<\/p><\/li><\/ul><p>Llena el siguiente formulario y te enviaremos una cotizaci\u00f3n lo antes posible:<\/p>\t\t\t\t\t\t\t\t<\/div>\n\t\t\t\t<div class=\"elementor-element elementor-element-663abf1 elementor-widget elementor-widget-html\" data-id=\"663abf1\" data-element_type=\"widget\" data-e-type=\"widget\" data-widget_type=\"html.default\">\n\t\t\t\t\t<iframe src=\"https:\/\/docs.google.com\/forms\/d\/e\/1FAIpQLSfKZzntTVxNA5P8jG7EqUhCqQ9K0sEkWngeeYQM-pMhGEV0Bg\/viewform?embedded=true\" width=\"640\" height=\"1125\" frameborder=\"0\" marginheight=\"0\" marginwidth=\"0\">Cargando\u2026<\/iframe>\t\t\t\t<\/div>\n\t\t\t\t\t<\/div>\n\t\t\t\t<\/div>\n\t\t<div class=\"elementor-element elementor-element-175f0b5 e-flex e-con-boxed e-con e-parent\" data-id=\"175f0b5\" data-element_type=\"container\" data-e-type=\"container\">\n\t\t\t\t\t<div class=\"e-con-inner\">\n\t\t\t\t<div class=\"elementor-element elementor-element-6bc07b62 elementor-widget elementor-widget-heading\" data-id=\"6bc07b62\" data-element_type=\"widget\" data-e-type=\"widget\" data-widget_type=\"heading.default\">\n\t\t\t\t\t<h2 class=\"elementor-heading-title elementor-size-default\">Nuestros talleres<\/h2>\t\t\t\t<\/div>\n\t\t\t\t<div class=\"elementor-element elementor-element-587bf7bc e-n-tabs-mobile elementor-widget elementor-widget-n-tabs\" data-id=\"587bf7bc\" data-element_type=\"widget\" data-e-type=\"widget\" data-settings=\"{&quot;horizontal_scroll&quot;:&quot;disable&quot;}\" data-widget_type=\"nested-tabs.default\">\n\t\t\t\t\t\t\t<div class=\"e-n-tabs\" data-widget-number=\"1484519356\" aria-label=\"Pesta\u00f1as. Abre elementos con Intro o Espacio, ci\u00e9rralos con Escape y navega con las fechas.\">\n\t\t\t<div class=\"e-n-tabs-heading\" role=\"tablist\">\n\t\t\t\t\t<button id=\"e-n-tab-title-14845193561\" data-tab-title-id=\"e-n-tab-title-14845193561\" class=\"e-n-tab-title\" aria-selected=\"true\" data-tab-index=\"1\" role=\"tab\" tabindex=\"0\" aria-controls=\"e-n-tab-content-14845193561\" style=\"--n-tabs-title-order: 1;\">\n\t\t\t\t\t\t<span class=\"e-n-tab-title-text\">\n\t\t\t\tInsurgentes\t\t\t<\/span>\n\t\t<\/button>\n\t\t\t\t<button id=\"e-n-tab-title-14845193562\" data-tab-title-id=\"e-n-tab-title-14845193562\" class=\"e-n-tab-title\" aria-selected=\"false\" data-tab-index=\"2\" role=\"tab\" tabindex=\"-1\" aria-controls=\"e-n-tab-content-14845193562\" style=\"--n-tabs-title-order: 2;\">\n\t\t\t\t\t\t<span class=\"e-n-tab-title-text\">\n\t\t\t\tAeropuerto\t\t\t<\/span>\n\t\t<\/button>\n\t\t\t\t<button id=\"e-n-tab-title-14845193563\" data-tab-title-id=\"e-n-tab-title-14845193563\" class=\"e-n-tab-title\" aria-selected=\"false\" data-tab-index=\"3\" role=\"tab\" tabindex=\"-1\" aria-controls=\"e-n-tab-content-14845193563\" style=\"--n-tabs-title-order: 3;\">\n\t\t\t\t\t\t<span class=\"e-n-tab-title-text\">\n\t\t\t\tN\u00e1poles\t\t\t<\/span>\n\t\t<\/button>\n\t\t\t\t<button id=\"e-n-tab-title-14845193564\" data-tab-title-id=\"e-n-tab-title-14845193564\" class=\"e-n-tab-title\" aria-selected=\"false\" data-tab-index=\"4\" role=\"tab\" tabindex=\"-1\" aria-controls=\"e-n-tab-content-14845193564\" style=\"--n-tabs-title-order: 4;\">\n\t\t\t\t\t\t<span class=\"e-n-tab-title-text\">\n\t\t\t\tPerif\u00e9rico\t\t\t<\/span>\n\t\t<\/button>\n\t\t\t\t\t<\/div>\n\t\t\t<div class=\"e-n-tabs-content\">\n\t\t\t\t<div id=\"e-n-tab-content-14845193561\" role=\"tabpanel\" aria-labelledby=\"e-n-tab-title-14845193561\" data-tab-index=\"1\" style=\"--n-tabs-title-order: 1;\" class=\"e-active elementor-element elementor-element-60e35e6f e-con-full e-flex e-con e-child\" data-id=\"60e35e6f\" data-element_type=\"container\" data-e-type=\"container\">\n\t\t\t\t<div class=\"elementor-element elementor-element-61781ecf elementor-widget elementor-widget-html\" data-id=\"61781ecf\" data-element_type=\"widget\" data-e-type=\"widget\" data-widget_type=\"html.default\">\n\t\t\t\t\t<iframe src=\"https:\/\/www.google.com\/maps\/embed?pb=!1m18!1m12!1m3!1d3763.902889430483!2d-99.1800717!3d19.373357100000003!2m3!1f0!2f0!3f0!3m2!1i1024!2i768!4f13.1!3m3!1m2!1s0x85d1ff85a8cdb6fb%3A0x9455aa54019bd04f!2sTaller%20Doctor%20Auto%20Insurgentes!5e0!3m2!1ses-419!2smx!4v1771562075024!5m2!1ses-419!2smx\" width=\"600\" height=\"450\" style=\"border:0;\" allowfullscreen=\"\" loading=\"lazy\" referrerpolicy=\"no-referrer-when-downgrade\"><\/iframe>\t\t\t\t<\/div>\n\t\t\t\t<\/div>\n\t\t<div id=\"e-n-tab-content-14845193562\" role=\"tabpanel\" aria-labelledby=\"e-n-tab-title-14845193562\" data-tab-index=\"2\" style=\"--n-tabs-title-order: 2;\" class=\" elementor-element elementor-element-7208c71d e-con-full e-flex e-con e-child\" data-id=\"7208c71d\" data-element_type=\"container\" data-e-type=\"container\">\n\t\t\t\t<div class=\"elementor-element elementor-element-540839c6 elementor-widget elementor-widget-html\" data-id=\"540839c6\" data-element_type=\"widget\" data-e-type=\"widget\" data-widget_type=\"html.default\">\n\t\t\t\t\t<iframe src=\"https:\/\/www.google.com\/maps\/embed?pb=!1m18!1m12!1m3!1d3762.9518995818707!2d-99.07256392418802!3d19.414484141258022!2m3!1f0!2f0!3f0!3m2!1i1024!2i768!4f13.1!3m3!1m2!1s0x85d1fd0549d1713f%3A0x8190b177adf863d8!2sDoctor%20Auto%20Aeropuerto!5e0!3m2!1ses-419!2smx!4v1771562106748!5m2!1ses-419!2smx\" width=\"600\" height=\"450\" style=\"border:0;\" allowfullscreen=\"\" loading=\"lazy\" referrerpolicy=\"no-referrer-when-downgrade\"><\/iframe>\t\t\t\t<\/div>\n\t\t\t\t<\/div>\n\t\t<div id=\"e-n-tab-content-14845193563\" role=\"tabpanel\" aria-labelledby=\"e-n-tab-title-14845193563\" data-tab-index=\"3\" style=\"--n-tabs-title-order: 3;\" class=\" elementor-element elementor-element-64866110 e-con-full e-flex e-con e-child\" data-id=\"64866110\" data-element_type=\"container\" data-e-type=\"container\">\n\t\t\t\t<div class=\"elementor-element elementor-element-37f3d3e0 elementor-widget elementor-widget-html\" data-id=\"37f3d3e0\" data-element_type=\"widget\" data-e-type=\"widget\" data-widget_type=\"html.default\">\n\t\t\t\t\t<iframe src=\"https:\/\/www.google.com\/maps\/embed?pb=!1m18!1m12!1m3!1d3763.633910052305!2d-99.18751372418853!3d19.384998042198198!2m3!1f0!2f0!3f0!3m2!1i1024!2i768!4f13.1!3m3!1m2!1s0x85d1ff7f49afbe2d%3A0xaff912503fe9fc76!2sDoctor%20Auto%20Napoles!5e0!3m2!1ses-419!2smx!4v1771562158128!5m2!1ses-419!2smx\" width=\"600\" height=\"450\" style=\"border:0;\" allowfullscreen=\"\" loading=\"lazy\" referrerpolicy=\"no-referrer-when-downgrade\"><\/iframe>\t\t\t\t<\/div>\n\t\t\t\t<\/div>\n\t\t<div id=\"e-n-tab-content-14845193564\" role=\"tabpanel\" aria-labelledby=\"e-n-tab-title-14845193564\" data-tab-index=\"4\" style=\"--n-tabs-title-order: 4;\" class=\" elementor-element elementor-element-7cc70d67 e-flex e-con-boxed e-con e-child\" data-id=\"7cc70d67\" data-element_type=\"container\" data-e-type=\"container\">\n\t\t\t\t\t<div class=\"e-con-inner\">\n\t\t\t\t<div class=\"elementor-element elementor-element-5ba45e31 elementor-widget elementor-widget-html\" data-id=\"5ba45e31\" data-element_type=\"widget\" data-e-type=\"widget\" data-widget_type=\"html.default\">\n\t\t\t\t\t<iframe src=\"https:\/\/www.google.com\/maps\/embed?pb=!1m18!1m12!1m3!1d3763.496843699995!2d-99.19401742418842!3d19.390927442009257!2m3!1f0!2f0!3f0!3m2!1i1024!2i768!4f13.1!3m3!1m2!1s0x85d2010b5b8035af%3A0xc0f598cfd55ef4f2!2sDoctor%20Auto%20Periferico!5e0!3m2!1ses-419!2smx!4v1771562184757!5m2!1ses-419!2smx\" width=\"600\" height=\"450\" style=\"border:0;\" allowfullscreen=\"\" loading=\"lazy\" referrerpolicy=\"no-referrer-when-downgrade\"><\/iframe>\t\t\t\t<\/div>\n\t\t\t\t\t<\/div>\n\t\t\t\t<\/div>\n\t\t\t\t\t<\/div>\n\t\t<\/div>\n\t\t\t\t\t\t<\/div>\n\t\t\t\t\t<\/div>\n\t\t\t\t<\/div>\n\t\t<div class=\"elementor-element elementor-element-e69d7e2 e-flex e-con-boxed e-con e-parent\" data-id=\"e69d7e2\" data-element_type=\"container\" data-e-type=\"container\">\n\t\t\t\t\t<div class=\"e-con-inner\">\n\t\t\t\t<div class=\"elementor-element elementor-element-52f749b elementor-widget elementor-widget-heading\" data-id=\"52f749b\" data-element_type=\"widget\" data-e-type=\"widget\" data-widget_type=\"heading.default\">\n\t\t\t\t\t<h2 class=\"elementor-heading-title elementor-size-default\">Vista nuestro blog:<\/h2>\t\t\t\t<\/div>\n\t\t\t\t\t<\/div>\n\t\t\t\t<\/div>\n\t\t<div class=\"elementor-element elementor-element-02f478b e-flex e-con-boxed e-con e-parent\" data-id=\"02f478b\" data-element_type=\"container\" data-e-type=\"container\">\n\t\t\t\t\t<div class=\"e-con-inner\">\n\t\t<div class=\"elementor-element elementor-element-b63d4d2 e-con-full e-flex e-con e-child\" data-id=\"b63d4d2\" data-element_type=\"container\" data-e-type=\"container\">\n\t\t\t\t<div class=\"elementor-element elementor-element-66c0543 elementor-position-top elementor-widget elementor-widget-image-box\" data-id=\"66c0543\" data-element_type=\"widget\" data-e-type=\"widget\" data-widget_type=\"image-box.default\">\n\t\t\t\t\t<div class=\"elementor-image-box-wrapper\"><figure class=\"elementor-image-box-img\"><a href=\"https:\/\/www.doctorauto.com.mx\/robo-faros-de-ibiza\/\" tabindex=\"-1\"><img decoding=\"async\" width=\"1200\" height=\"800\" src=\"https:\/\/faros.com.mx\/wp-content\/uploads\/2026\/03\/faros-ibiza.jpg\" class=\"attachment-full size-full wp-image-16\" alt=\"\" srcset=\"https:\/\/faros.com.mx\/wp-content\/uploads\/2026\/03\/faros-ibiza.jpg 1200w, https:\/\/faros.com.mx\/wp-content\/uploads\/2026\/03\/faros-ibiza-300x200.jpg 300w, https:\/\/faros.com.mx\/wp-content\/uploads\/2026\/03\/faros-ibiza-1024x683.jpg 1024w, https:\/\/faros.com.mx\/wp-content\/uploads\/2026\/03\/faros-ibiza-768x512.jpg 768w\" sizes=\"(max-width: 1200px) 100vw, 1200px\" \/><\/a><\/figure><div class=\"elementor-image-box-content\"><h3 class=\"elementor-image-box-title\"><a href=\"https:\/\/www.doctorauto.com.mx\/robo-faros-de-ibiza\/\">Cuidado con tus faros de Ibiza<\/a><\/h3><\/div><\/div>\t\t\t\t<\/div>\n\t\t\t\t<\/div>\n\t\t<div class=\"elementor-element elementor-element-b0c98df e-con-full e-flex e-con e-child\" data-id=\"b0c98df\" data-element_type=\"container\" data-e-type=\"container\">\n\t\t\t\t<div class=\"elementor-element elementor-element-90fbb7a elementor-position-top elementor-widget elementor-widget-image-box\" data-id=\"90fbb7a\" data-element_type=\"widget\" data-e-type=\"widget\" data-widget_type=\"image-box.default\">\n\t\t\t\t\t<div class=\"elementor-image-box-wrapper\"><figure class=\"elementor-image-box-img\"><a href=\"https:\/\/www.doctorauto.com.mx\/te-roban-los-espejos-faros-auto\/\" tabindex=\"-1\"><img decoding=\"async\" width=\"540\" height=\"405\" src=\"https:\/\/faros.com.mx\/wp-content\/uploads\/2026\/03\/faros.jpg\" class=\"attachment-full size-full wp-image-13\" alt=\"\" srcset=\"https:\/\/faros.com.mx\/wp-content\/uploads\/2026\/03\/faros.jpg 540w, https:\/\/faros.com.mx\/wp-content\/uploads\/2026\/03\/faros-300x225.jpg 300w\" sizes=\"(max-width: 540px) 100vw, 540px\" \/><\/a><\/figure><div class=\"elementor-image-box-content\"><h3 class=\"elementor-image-box-title\"><a href=\"https:\/\/www.doctorauto.com.mx\/te-roban-los-espejos-faros-auto\/\">\u00bfQu\u00e9 hacer si te roban los faros?<\/a><\/h3><\/div><\/div>\t\t\t\t<\/div>\n\t\t\t\t<\/div>\n\t\t<div class=\"elementor-element elementor-element-af6e8d0 e-con-full e-flex e-con e-child\" data-id=\"af6e8d0\" data-element_type=\"container\" data-e-type=\"container\">\n\t\t\t\t<div class=\"elementor-element elementor-element-a0cb15c elementor-position-top elementor-widget elementor-widget-image-box\" data-id=\"a0cb15c\" data-element_type=\"widget\" data-e-type=\"widget\" data-widget_type=\"image-box.default\">\n\t\t\t\t\t<div class=\"elementor-image-box-wrapper\"><figure class=\"elementor-image-box-img\"><a href=\"https:\/\/www.doctorauto.com.mx\/luces-led-y-de-halogeno\/\" tabindex=\"-1\"><img decoding=\"async\" width=\"540\" height=\"405\" src=\"https:\/\/faros.com.mx\/wp-content\/uploads\/2026\/03\/faros.jpg\" class=\"attachment-full size-full wp-image-13\" alt=\"\" srcset=\"https:\/\/faros.com.mx\/wp-content\/uploads\/2026\/03\/faros.jpg 540w, https:\/\/faros.com.mx\/wp-content\/uploads\/2026\/03\/faros-300x225.jpg 300w\" sizes=\"(max-width: 540px) 100vw, 540px\" \/><\/a><\/figure><div class=\"elementor-image-box-content\"><h3 class=\"elementor-image-box-title\"><a href=\"https:\/\/www.doctorauto.com.mx\/luces-led-y-de-halogeno\/\">\u00bfLuces led o hal\u00f3geno?<\/a><\/h3><\/div><\/div>\t\t\t\t<\/div>\n\t\t\t\t<\/div>\n\t\t\t\t\t<\/div>\n\t\t\t\t<\/div>\n\t\t<div class=\"elementor-element elementor-element-6ecb1e1 e-flex e-con-boxed e-con e-parent\" data-id=\"6ecb1e1\" data-element_type=\"container\" data-e-type=\"container\" data-settings=\"{&quot;background_background&quot;:&quot;classic&quot;}\">\n\t\t\t\t\t<div class=\"e-con-inner\">\n\t\t\t\t<div class=\"elementor-element elementor-element-c9870a5 elementor-widget elementor-widget-text-editor\" data-id=\"c9870a5\" data-element_type=\"widget\" data-e-type=\"widget\" data-widget_type=\"text-editor.default\">\n\t\t\t\t\t\t\t\t\t<p><span style=\"color: #ffff00;\">Doctor Auto, 2026<\/span><\/p>\t\t\t\t\t\t\t\t<\/div>\n\t\t\t\t\t<\/div>\n\t\t\t\t<\/div>\n\t\t\t\t<\/div>\n\t\t","protected":false},"excerpt":{"rendered":"<p>Venta de faros para autos en CDMX Contamos con un amplio cat\u00e1logo de faros para autos en CDMX para todas las marcas. Cotiza con nosotros hoy mismo y obt\u00e9n garant\u00eda de instalaci\u00f3n, pago con tarjeta y facturaci\u00f3n.\u00a0 Las mejores refacciones En\u00a0Doctor Auto, sabemos que los faros no solo son un accesorio est\u00e9tico, sino el principal [&hellip;]<\/p>\n","protected":false},"author":1,"featured_media":0,"parent":0,"menu_order":0,"comment_status":"closed","ping_status":"closed","template":"elementor_canvas","meta":{"footnotes":""},"class_list":["post-11","page","type-page","status-publish","hentry"],"yoast_head":"<!-- This site is optimized with the Yoast SEO plugin v27.1.1 - https:\/\/yoast.com\/product\/yoast-seo-wordpress\/ -->\n<title>Venta de Faros para autos en CDMX - Doctor Auto<\/title>\n<meta name=\"description\" content=\"Contamos con amplio cat\u00e1logo de faros para autos en CDMX. Cotiza hoy mismo, instalamos en nuestros talleres\" \/>\n<meta name=\"robots\" content=\"index, follow, max-snippet:-1, max-image-preview:large, max-video-preview:-1\" \/>\n<link rel=\"canonical\" href=\"https:\/\/faros.com.mx\/\" \/>\n<meta property=\"og:locale\" content=\"es_ES\" \/>\n<meta property=\"og:type\" content=\"article\" \/>\n<meta property=\"og:title\" content=\"Venta de Faros para autos en CDMX - Doctor Auto\" \/>\n<meta property=\"og:description\" content=\"Contamos con amplio cat\u00e1logo de faros para autos en CDMX. Cotiza hoy mismo, instalamos en nuestros talleres\" \/>\n<meta property=\"og:url\" content=\"https:\/\/faros.com.mx\/\" \/>\n<meta property=\"og:site_name\" content=\"Faros\" \/>\n<meta property=\"article:publisher\" content=\"https:\/\/www.facebook.com\/doctorautoMX\" \/>\n<meta property=\"article:modified_time\" content=\"2026-03-10T22:56:56+00:00\" \/>\n<meta property=\"og:image\" content=\"https:\/\/faros.com.mx\/wp-content\/uploads\/2026\/03\/faros.jpg\" \/>\n<meta name=\"twitter:card\" content=\"summary_large_image\" \/>\n<meta name=\"twitter:site\" content=\"@doctorautoMX\" \/>\n<meta name=\"twitter:label1\" content=\"Tiempo de lectura\" \/>\n\t<meta name=\"twitter:data1\" content=\"2 minutos\" \/>\n<script type=\"application\/ld+json\" class=\"yoast-schema-graph\">{\"@context\":\"https:\/\/schema.org\",\"@graph\":[{\"@type\":\"WebPage\",\"@id\":\"https:\/\/faros.com.mx\/\",\"url\":\"https:\/\/faros.com.mx\/\",\"name\":\"Venta de Faros para autos en CDMX - Doctor Auto\",\"isPartOf\":{\"@id\":\"https:\/\/faros.com.mx\/#website\"},\"primaryImageOfPage\":{\"@id\":\"https:\/\/faros.com.mx\/#primaryimage\"},\"image\":{\"@id\":\"https:\/\/faros.com.mx\/#primaryimage\"},\"thumbnailUrl\":\"https:\/\/faros.com.mx\/wp-content\/uploads\/2026\/03\/faros.jpg\",\"datePublished\":\"2026-03-10T22:43:26+00:00\",\"dateModified\":\"2026-03-10T22:56:56+00:00\",\"description\":\"Contamos con amplio cat\u00e1logo de faros para autos en CDMX. Cotiza hoy mismo, instalamos en nuestros talleres\",\"breadcrumb\":{\"@id\":\"https:\/\/faros.com.mx\/#breadcrumb\"},\"inLanguage\":\"es\",\"potentialAction\":[{\"@type\":\"ReadAction\",\"target\":[\"https:\/\/faros.com.mx\/\"]}]},{\"@type\":\"ImageObject\",\"inLanguage\":\"es\",\"@id\":\"https:\/\/faros.com.mx\/#primaryimage\",\"url\":\"https:\/\/faros.com.mx\/wp-content\/uploads\/2026\/03\/faros.jpg\",\"contentUrl\":\"https:\/\/faros.com.mx\/wp-content\/uploads\/2026\/03\/faros.jpg\",\"width\":540,\"height\":405},{\"@type\":\"BreadcrumbList\",\"@id\":\"https:\/\/faros.com.mx\/#breadcrumb\",\"itemListElement\":[{\"@type\":\"ListItem\",\"position\":1,\"name\":\"Portada\",\"item\":\"https:\/\/faros.com.mx\/\"},{\"@type\":\"ListItem\",\"position\":2,\"name\":\"Inicio\"}]},{\"@type\":\"WebSite\",\"@id\":\"https:\/\/faros.com.mx\/#website\",\"url\":\"https:\/\/faros.com.mx\/\",\"name\":\"Faros - Doctor Auto\",\"description\":\"\",\"publisher\":{\"@id\":\"https:\/\/faros.com.mx\/#organization\"},\"potentialAction\":[{\"@type\":\"SearchAction\",\"target\":{\"@type\":\"EntryPoint\",\"urlTemplate\":\"https:\/\/faros.com.mx\/?s={search_term_string}\"},\"query-input\":{\"@type\":\"PropertyValueSpecification\",\"valueRequired\":true,\"valueName\":\"search_term_string\"}}],\"inLanguage\":\"es\"},{\"@type\":\"Organization\",\"@id\":\"https:\/\/faros.com.mx\/#organization\",\"name\":\"Doctor Auto\",\"url\":\"https:\/\/faros.com.mx\/\",\"logo\":{\"@type\":\"ImageObject\",\"inLanguage\":\"es\",\"@id\":\"https:\/\/faros.com.mx\/#\/schema\/logo\/image\/\",\"url\":\"https:\/\/faros.com.mx\/wp-content\/uploads\/2026\/03\/logo.png\",\"contentUrl\":\"https:\/\/faros.com.mx\/wp-content\/uploads\/2026\/03\/logo.png\",\"width\":225,\"height\":225,\"caption\":\"Doctor Auto\"},\"image\":{\"@id\":\"https:\/\/faros.com.mx\/#\/schema\/logo\/image\/\"},\"sameAs\":[\"https:\/\/www.facebook.com\/doctorautoMX\",\"https:\/\/x.com\/doctorautoMX\",\"https:\/\/www.instagram.com\/doctorautomexico\/\"]}]}<\/script>\n<!-- \/ Yoast SEO plugin. -->","yoast_head_json":{"title":"Venta de Faros para autos en CDMX - Doctor Auto","description":"Contamos con amplio cat\u00e1logo de faros para autos en CDMX. Cotiza hoy mismo, instalamos en nuestros talleres","robots":{"index":"index","follow":"follow","max-snippet":"max-snippet:-1","max-image-preview":"max-image-preview:large","max-video-preview":"max-video-preview:-1"},"canonical":"https:\/\/faros.com.mx\/","og_locale":"es_ES","og_type":"article","og_title":"Venta de Faros para autos en CDMX - Doctor Auto","og_description":"Contamos con amplio cat\u00e1logo de faros para autos en CDMX. Cotiza hoy mismo, instalamos en nuestros talleres","og_url":"https:\/\/faros.com.mx\/","og_site_name":"Faros","article_publisher":"https:\/\/www.facebook.com\/doctorautoMX","article_modified_time":"2026-03-10T22:56:56+00:00","og_image":[{"url":"https:\/\/faros.com.mx\/wp-content\/uploads\/2026\/03\/faros.jpg","type":"","width":"","height":""}],"twitter_card":"summary_large_image","twitter_site":"@doctorautoMX","twitter_misc":{"Tiempo de lectura":"2 minutos"},"schema":{"@context":"https:\/\/schema.org","@graph":[{"@type":"WebPage","@id":"https:\/\/faros.com.mx\/","url":"https:\/\/faros.com.mx\/","name":"Venta de Faros para autos en CDMX - Doctor Auto","isPartOf":{"@id":"https:\/\/faros.com.mx\/#website"},"primaryImageOfPage":{"@id":"https:\/\/faros.com.mx\/#primaryimage"},"image":{"@id":"https:\/\/faros.com.mx\/#primaryimage"},"thumbnailUrl":"https:\/\/faros.com.mx\/wp-content\/uploads\/2026\/03\/faros.jpg","datePublished":"2026-03-10T22:43:26+00:00","dateModified":"2026-03-10T22:56:56+00:00","description":"Contamos con amplio cat\u00e1logo de faros para autos en CDMX. Cotiza hoy mismo, instalamos en nuestros talleres","breadcrumb":{"@id":"https:\/\/faros.com.mx\/#breadcrumb"},"inLanguage":"es","potentialAction":[{"@type":"ReadAction","target":["https:\/\/faros.com.mx\/"]}]},{"@type":"ImageObject","inLanguage":"es","@id":"https:\/\/faros.com.mx\/#primaryimage","url":"https:\/\/faros.com.mx\/wp-content\/uploads\/2026\/03\/faros.jpg","contentUrl":"https:\/\/faros.com.mx\/wp-content\/uploads\/2026\/03\/faros.jpg","width":540,"height":405},{"@type":"BreadcrumbList","@id":"https:\/\/faros.com.mx\/#breadcrumb","itemListElement":[{"@type":"ListItem","position":1,"name":"Portada","item":"https:\/\/faros.com.mx\/"},{"@type":"ListItem","position":2,"name":"Inicio"}]},{"@type":"WebSite","@id":"https:\/\/faros.com.mx\/#website","url":"https:\/\/faros.com.mx\/","name":"Faros - Doctor Auto","description":"","publisher":{"@id":"https:\/\/faros.com.mx\/#organization"},"potentialAction":[{"@type":"SearchAction","target":{"@type":"EntryPoint","urlTemplate":"https:\/\/faros.com.mx\/?s={search_term_string}"},"query-input":{"@type":"PropertyValueSpecification","valueRequired":true,"valueName":"search_term_string"}}],"inLanguage":"es"},{"@type":"Organization","@id":"https:\/\/faros.com.mx\/#organization","name":"Doctor Auto","url":"https:\/\/faros.com.mx\/","logo":{"@type":"ImageObject","inLanguage":"es","@id":"https:\/\/faros.com.mx\/#\/schema\/logo\/image\/","url":"https:\/\/faros.com.mx\/wp-content\/uploads\/2026\/03\/logo.png","contentUrl":"https:\/\/faros.com.mx\/wp-content\/uploads\/2026\/03\/logo.png","width":225,"height":225,"caption":"Doctor Auto"},"image":{"@id":"https:\/\/faros.com.mx\/#\/schema\/logo\/image\/"},"sameAs":["https:\/\/www.facebook.com\/doctorautoMX","https:\/\/x.com\/doctorautoMX","https:\/\/www.instagram.com\/doctorautomexico\/"]}]}},"_links":{"self":[{"href":"https:\/\/faros.com.mx\/index.php\/wp-json\/wp\/v2\/pages\/11","targetHints":{"allow":["GET"]}}],"collection":[{"href":"https:\/\/faros.com.mx\/index.php\/wp-json\/wp\/v2\/pages"}],"about":[{"href":"https:\/\/faros.com.mx\/index.php\/wp-json\/wp\/v2\/types\/page"}],"author":[{"embeddable":true,"href":"https:\/\/faros.com.mx\/index.php\/wp-json\/wp\/v2\/users\/1"}],"replies":[{"embeddable":true,"href":"https:\/\/faros.com.mx\/index.php\/wp-json\/wp\/v2\/comments?post=11"}],"version-history":[{"count":5,"href":"https:\/\/faros.com.mx\/index.php\/wp-json\/wp\/v2\/pages\/11\/revisions"}],"predecessor-version":[{"id":22,"href":"https:\/\/faros.com.mx\/index.php\/wp-json\/wp\/v2\/pages\/11\/revisions\/22"}],"wp:attachment":[{"href":"https:\/\/faros.com.mx\/index.php\/wp-json\/wp\/v2\/media?parent=11"}],"curies":[{"name":"wp","href":"https:\/\/api.w.org\/{rel}","templated":true}]}}